{"id":3102,"date":"2021-10-13T14:39:07","date_gmt":"2021-10-13T12:39:07","guid":{"rendered":"https:\/\/quartiervosges.fr\/?page_id=3102"},"modified":"2021-10-13T15:22:02","modified_gmt":"2021-10-13T13:22:02","slug":"pollution-2","status":"publish","type":"page","link":"https:\/\/quartiervosges.fr\/?page_id=3102","title":{"rendered":"Pollution"},"content":{"rendered":"<div data-colibri-id=\"3102-c1\" class=\"style-1730 style-local-3102-c1 position-relative\">\n  <!---->\n  <div data-colibri-component=\"section\" data-colibri-id=\"3102-c46\" id=\"custom\" class=\"h-section h-section-global-spacing d-flex align-items-lg-center align-items-md-center align-items-center style-1759 style-local-3102-c46 position-relative\">\n    <!---->\n    <!---->\n    <div class=\"h-section-grid-container h-section-boxed-container\">\n      <!---->\n      <div data-colibri-id=\"3102-c80\" class=\"h-row-container gutters-row-lg-2 gutters-row-md-2 gutters-row-0 gutters-row-v-lg-2 gutters-row-v-md-2 gutters-row-v-2 style-1793 style-local-3102-c80 position-relative\">\n        <!---->\n        <div class=\"h-row justify-content-lg-center justify-content-md-center justify-content-center align-items-lg-stretch align-items-md-stretch align-items-stretch gutters-col-lg-2 gutters-col-md-2 gutters-col-0 gutters-col-v-lg-2 gutters-col-v-md-2 gutters-col-v-2\">\n          <!---->\n          <div class=\"h-column h-column-container d-flex h-col-lg-auto h-col-md-auto h-col-auto style-1794-outer style-local-3102-c81-outer\">\n            <div data-colibri-id=\"3102-c81\" class=\"d-flex h-flex-basis h-column__inner h-px-lg-2 h-px-md-2 h-px-2 v-inner-lg-2 v-inner-md-2 v-inner-2 style-1794 style-local-3102-c81 position-relative\">\n              <!---->\n              <!---->\n              <div class=\"w-100 h-y-container h-column__content h-column__v-align flex-basis-100 align-self-lg-start align-self-md-start align-self-start\">\n                <!---->\n                <div data-colibri-id=\"3102-c83\" class=\"h-global-transition-all h-heading style-1796 style-local-3102-c83 position-relative h-element\">\n                  <!---->\n                  <div class=\"h-heading__outer style-1796 style-local-3102-c83\">\n                    <!---->\n                    <!---->\n                    <h1 class=\"\">La pollution augmente de 30% les risques de maladies chroniques <\/h1>\n                  <\/div>\n                <\/div>\n              <\/div>\n            <\/div>\n          <\/div>\n        <\/div>\n      <\/div>\n      <div data-colibri-id=\"3102-c47\" class=\"h-row-container gutters-row-lg-3 gutters-row-md-3 gutters-row-0 gutters-row-v-lg-3 gutters-row-v-md-3 gutters-row-v-3 style-1760 style-local-3102-c47 position-relative\">\n        <!---->\n        <div class=\"h-row justify-content-lg-start justify-content-md-start justify-content-start align-items-lg-stretch align-items-md-stretch align-items-stretch gutters-col-lg-3 gutters-col-md-3 gutters-col-0 gutters-col-v-lg-3 gutters-col-v-md-3 gutters-col-v-3\">\n          <!---->\n          <div class=\"h-column h-column-container d-flex h-col-lg-auto h-col-md-auto h-col-auto style-1761-outer style-local-3102-c48-outer\">\n            <div data-colibri-id=\"3102-c48\" class=\"d-flex h-flex-basis h-column__inner h-px-lg-2 h-px-md-2 h-px-2 v-inner-lg-2 v-inner-md-2 v-inner-2 style-1761 style-local-3102-c48 position-relative\">\n              <!---->\n              <!---->\n              <div class=\"w-100 h-y-container h-column__content h-column__v-align flex-basis-100 align-self-lg-start align-self-md-start align-self-start\">\n                <!---->\n                <div data-colibri-id=\"3102-c50\" class=\"d-block style-1763 style-local-3102-c50 position-relative h-element\">\n                  <!---->\n                  <div class=\"h-image__frame-container-outer\">\n                    <a href=\"http:\/\/quartiervosges.fr\/wp-content\/uploads\/2021\/10\/POLLUTION.jpg\" h-use-smooth-scroll=\"true\" class=\"image-link\">\n                      <div class=\"h-image__frame-container\">\n                        <!---->\n                        <!---->\n                        <img loading=\"lazy\" decoding=\"async\" width=\"2435\" height=\"2027\" src=\"http:\/\/quartiervosges.fr\/wp-content\/uploads\/2021\/10\/POLLUTION.jpg\" class=\"wp-image-3101 style-1763-image style-local-3102-c50-image\" alt=\"\" srcset=\"https:\/\/quartiervosges.fr\/wp-content\/uploads\/2021\/10\/POLLUTION.jpg 2435w, https:\/\/quartiervosges.fr\/wp-content\/uploads\/2021\/10\/POLLUTION-300x250.jpg 300w, https:\/\/quartiervosges.fr\/wp-content\/uploads\/2021\/10\/POLLUTION-1024x852.jpg 1024w, https:\/\/quartiervosges.fr\/wp-content\/uploads\/2021\/10\/POLLUTION-768x639.jpg 768w, https:\/\/quartiervosges.fr\/wp-content\/uploads\/2021\/10\/POLLUTION-1536x1279.jpg 1536w, https:\/\/quartiervosges.fr\/wp-content\/uploads\/2021\/10\/POLLUTION-2048x1705.jpg 2048w\" sizes=\"auto, (max-width: 2435px) 100vw, 2435px\" \/>\n                        <div class=\"h-image__frame h-hide-lg h-hide-md h-hide-sm style-1763-frameImage style-local-3102-c50-frameImage\"><\/div>\n                      <\/div>\n                    <\/a>\n                  <\/div>\n                <\/div>\n              <\/div>\n            <\/div>\n          <\/div>\n          <div class=\"h-column h-column-container d-flex h-col-lg-auto h-col-md-auto h-col-auto style-1762-outer style-local-3102-c49-outer\">\n            <div data-colibri-id=\"3102-c49\" class=\"d-flex h-flex-basis h-column__inner h-px-lg-2 h-px-md-2 h-px-2 v-inner-lg-2 v-inner-md-2 v-inner-2 style-1762 style-local-3102-c49 position-relative\">\n              <!---->\n              <!---->\n              <div class=\"w-100 h-y-container h-column__content h-column__v-align flex-basis-100 align-self-lg-start align-self-md-start align-self-start\">\n                <!---->\n                <div data-colibri-id=\"3102-c51\" class=\"h-text h-text-component style-1764 style-local-3102-c51 position-relative h-element\">\n                  <!---->\n                  <!---->\n                  <div class=\"\">\n                    <p>La pollution, pas seulement un enjeu de sant\u00e9 publique, c&rsquo;est aussi un enjeu financier majeur.\n                      <br>\n                    <\/p>\n                    <p>\n                      <br>\n                    <\/p>\n                  <\/div>\n                <\/div>\n              <\/div>\n            <\/div>\n          <\/div>\n        <\/div>\n      <\/div>\n    <\/div>\n  <\/div>\n  <div data-colibri-component=\"section\" data-colibri-id=\"3102-c52\" id=\"custom-2\" class=\"h-section h-section-global-spacing d-flex align-items-lg-center align-items-md-center align-items-center style-1765 style-local-3102-c52 position-relative\">\n    <!---->\n    <!---->\n    <div class=\"h-section-grid-container h-section-boxed-container\">\n      <!---->\n      <div data-colibri-id=\"3102-c53\" class=\"h-row-container gutters-row-lg-2 gutters-row-md-2 gutters-row-0 gutters-row-v-lg-2 gutters-row-v-md-2 gutters-row-v-2 style-1766 style-local-3102-c53 position-relative\">\n        <!---->\n        <div class=\"h-row justify-content-lg-center justify-content-md-center justify-content-center align-items-lg-stretch align-items-md-stretch align-items-stretch gutters-col-lg-2 gutters-col-md-2 gutters-col-0 gutters-col-v-lg-2 gutters-col-v-md-2 gutters-col-v-2\">\n          <!---->\n          <div class=\"h-column h-column-container d-flex h-col-lg-auto h-col-md-auto h-col-auto style-1767-outer style-local-3102-c54-outer\">\n            <div data-colibri-id=\"3102-c54\" class=\"d-flex h-flex-basis h-column__inner h-px-lg-2 h-px-md-2 h-px-2 v-inner-lg-2 v-inner-md-2 v-inner-2 style-1767 style-local-3102-c54 position-relative\">\n              <!---->\n              <!---->\n              <div class=\"w-100 h-y-container h-column__content h-column__v-align flex-basis-100 align-self-lg-start align-self-md-start align-self-start\">\n                <!---->\n                <div data-colibri-id=\"3102-c56\" class=\"d-block style-1769 style-local-3102-c56 position-relative h-element\">\n                  <!---->\n                  <div class=\"h-image__frame-container-outer\">\n                    <a href=\"http:\/\/quartiervosges.fr\/wp-content\/uploads\/2021\/10\/POLLUTION-STRASBOURG-scaled.jpg\" h-use-smooth-scroll=\"true\" class=\"image-link\">\n                      <div class=\"h-image__frame-container\">\n                        <!---->\n                        <!---->\n                        <img loading=\"lazy\" decoding=\"async\" width=\"2560\" height=\"1991\" src=\"http:\/\/quartiervosges.fr\/wp-content\/uploads\/2021\/10\/POLLUTION-STRASBOURG-scaled.jpg\" class=\"wp-image-3100 style-1769-image style-local-3102-c56-image\" alt=\"\" srcset=\"https:\/\/quartiervosges.fr\/wp-content\/uploads\/2021\/10\/POLLUTION-STRASBOURG-scaled.jpg 2560w, https:\/\/quartiervosges.fr\/wp-content\/uploads\/2021\/10\/POLLUTION-STRASBOURG-300x233.jpg 300w, https:\/\/quartiervosges.fr\/wp-content\/uploads\/2021\/10\/POLLUTION-STRASBOURG-1024x796.jpg 1024w, https:\/\/quartiervosges.fr\/wp-content\/uploads\/2021\/10\/POLLUTION-STRASBOURG-768x597.jpg 768w, https:\/\/quartiervosges.fr\/wp-content\/uploads\/2021\/10\/POLLUTION-STRASBOURG-1536x1194.jpg 1536w, https:\/\/quartiervosges.fr\/wp-content\/uploads\/2021\/10\/POLLUTION-STRASBOURG-2048x1593.jpg 2048w\" sizes=\"auto, (max-width: 2560px) 100vw, 2560px\" \/>\n                        <div class=\"h-image__frame h-hide-lg h-hide-md h-hide-sm style-1769-frameImage style-local-3102-c56-frameImage\"><\/div>\n                      <\/div>\n                    <\/a>\n                  <\/div>\n                <\/div>\n              <\/div>\n            <\/div>\n          <\/div>\n          <div class=\"h-column h-column-container d-flex h-col-lg-auto h-col-md-auto h-col-auto style-1768-outer style-local-3102-c55-outer\">\n            <div data-colibri-id=\"3102-c55\" class=\"d-flex h-flex-basis h-column__inner h-px-lg-2 h-px-md-2 h-px-2 v-inner-lg-2 v-inner-md-2 v-inner-2 style-1768 style-local-3102-c55 position-relative\">\n              <!---->\n              <!---->\n              <div class=\"w-100 h-y-container h-column__content h-column__v-align flex-basis-100 align-self-lg-start align-self-md-start align-self-start\">\n                <!---->\n                <div data-colibri-id=\"3102-c57\" class=\"h-text h-text-component style-1770 style-local-3102-c57 position-relative h-element\">\n                  <!---->\n                  <!---->\n                  <div class=\"\">\n                    <p>Pollution de l&rsquo;air: L&rsquo;essentiel provient de la circulation routi\u00e8re.<\/p>\n                    <p>Les quantit\u00e9s&nbsp;de dioxyde d&rsquo;Azote sont sup\u00e9rieurs aux valeurs admises par l&rsquo;OMS et&nbsp;97% des habitants de l&rsquo;Eurom\u00e9trop\u00f4le sont\n                      <br>expos\u00e9s aux risques sanitaires graves.<\/p>\n                    <p>L&rsquo;avenue des Vosges demeure avec la Route du Rhin l&rsquo;axe le plus pollu\u00e9.<\/p>\n                  <\/div>\n                <\/div>\n              <\/div>\n            <\/div>\n          <\/div>\n        <\/div>\n      <\/div>\n    <\/div>\n  <\/div>\n<\/div>","protected":false},"excerpt":{"rendered":"<p>La pollution augmente de 30% les risques de maladies chroniques La pollution, pas seulement un enjeu de sant\u00e9 publique, c&rsquo;est aussi un enjeu financier majeur. Pollution de l&rsquo;air: L&rsquo;essentiel provient de la circulation routi\u00e8re. Les quantit\u00e9s&nbsp;de dioxyde d&rsquo;Azote sont sup\u00e9rieurs aux valeurs admises par l&rsquo;OMS et&nbsp;97% des habitants de l&rsquo;Eurom\u00e9trop\u00f4le sont expos\u00e9s aux risques sanitaires [&hellip;]<\/p>\n","protected":false},"author":1,"featured_media":0,"parent":0,"menu_order":0,"comment_status":"closed","ping_status":"closed","template":"page-templates\/full-width-page.php","meta":{"footnotes":""},"class_list":["post-3102","page","type-page","status-publish","hentry"],"_links":{"self":[{"href":"https:\/\/quartiervosges.fr\/index.php?rest_route=\/wp\/v2\/pages\/3102","targetHints":{"allow":["GET"]}}],"collection":[{"href":"https:\/\/quartiervosges.fr\/index.php?rest_route=\/wp\/v2\/pages"}],"about":[{"href":"https:\/\/quartiervosges.fr\/index.php?rest_route=\/wp\/v2\/types\/page"}],"author":[{"embeddable":true,"href":"https:\/\/quartiervosges.fr\/index.php?rest_route=\/wp\/v2\/users\/1"}],"replies":[{"embeddable":true,"href":"https:\/\/quartiervosges.fr\/index.php?rest_route=%2Fwp%2Fv2%2Fcomments&post=3102"}],"version-history":[{"count":8,"href":"https:\/\/quartiervosges.fr\/index.php?rest_route=\/wp\/v2\/pages\/3102\/revisions"}],"predecessor-version":[{"id":3155,"href":"https:\/\/quartiervosges.fr\/index.php?rest_route=\/wp\/v2\/pages\/3102\/revisions\/3155"}],"wp:attachment":[{"href":"https:\/\/quartiervosges.fr\/index.php?rest_route=%2Fwp%2Fv2%2Fmedia&parent=3102"}],"curies":[{"name":"wp","href":"https:\/\/api.w.org\/{rel}","templated":true}]}}