{"id":7627,"date":"2025-09-08T22:22:17","date_gmt":"2025-09-08T20:22:17","guid":{"rendered":"https:\/\/quartiervosges.fr\/?page_id=7627"},"modified":"2025-09-08T23:29:01","modified_gmt":"2025-09-08T21:29:01","slug":"fete-du-quartier-12-06-25","status":"publish","type":"page","link":"https:\/\/quartiervosges.fr\/?page_id=7627","title":{"rendered":"F\u00eate du quartier 12\/06\/25"},"content":{"rendered":"<div data-colibri-id=\"7627-c1\" class=\"style-4146 style-local-7627-c1 position-relative\">\n  <!---->\n  <div data-colibri-component=\"section\" data-colibri-id=\"7627-c2\" id=\"features\" class=\"h-section h-section-global-spacing d-flex align-items-lg-center align-items-md-center align-items-center style-4147 style-local-7627-c2 position-relative\">\n    <!---->\n    <!---->\n    <div class=\"h-section-grid-container h-section-boxed-container\">\n      <div data-colibri-id=\"7627-c10\" class=\"h-row-container gutters-row-lg-2 gutters-row-md-2 gutters-row-0 gutters-row-v-lg-2 gutters-row-v-md-2 gutters-row-v-2 style-4157 style-local-7627-c10 position-relative\">\n        <!---->\n        <div class=\"h-row justify-content-lg-center justify-content-md-center justify-content-center align-items-lg-stretch align-items-md-stretch align-items-stretch gutters-col-lg-2 gutters-col-md-2 gutters-col-0 gutters-col-v-lg-2 gutters-col-v-md-2 gutters-col-v-2\">\n          <!---->\n          <div class=\"h-column h-column-container d-flex h-col-lg-auto h-col-md-auto h-col-auto style-4158-outer style-local-7627-c11-outer\">\n            <div data-colibri-id=\"7627-c11\" class=\"d-flex h-flex-basis h-column__inner h-px-lg-2 h-px-md-2 h-px-2 v-inner-lg-2 v-inner-md-2 v-inner-2 style-4158 style-local-7627-c11 position-relative\">\n              <!---->\n              <!---->\n              <div class=\"w-100 h-y-container h-column__content h-column__v-align flex-basis-100 align-self-lg-start align-self-md-start align-self-start\">\n                <!---->\n                <div data-colibri-id=\"7627-c12\" class=\"h-global-transition-all h-heading style-4159 style-local-7627-c12 position-relative h-element\">\n                  <!---->\n                  <div class=\"h-heading__outer style-4159 style-local-7627-c12\">\n                    <!---->\n                    <!---->\n                    <h2 class=\"\">La F\u00eate du quartier\n                      <br>le 12\/06\/2025<\/h2>\n                  <\/div>\n                <\/div>\n                <div data-colibri-id=\"7627-c13\" class=\"h-lead h-text h-text-component style-4160 style-local-7627-c13 position-relative h-element\">\n                  <!---->\n                  <!---->\n                  <div class=\"\">\n                    <p><strong>La rue Bandung grien fournit un d\u00e9cor apais\u00e9 et convivial pour le d\u00e9roulement d&rsquo;une f\u00eate de quartier.<\/strong>\n                      <br>Plus de 130 participants, particuliers et professionnels du quartier, ont pu se rencontrer, \u00e9changer, partager un verre ou un repas et passer un moment festif ensemble. Les sourires, la musique, les adultes, les parents, les&nbsp;enfants:\n                      les discussions anim\u00e9es ont donn\u00e9 \u00e0 la rue des allures de grand salon \u00e0 ciel ouvert.<\/p>\n                    <p>Cette f\u00eate a permis de renforcer les liens de voisinage. Un vrai moment de convivialit\u00e9, o\u00f9 l\u2019on se rappelle qu\u2019il suffit parfois de fermer la rue aux voitures pour l\u2019ouvrir aux rencontres humaines. La presse \u00e9tait \u00e9galement pr\u00e9sente.<\/p>\n                  <\/div>\n                <\/div>\n              <\/div>\n            <\/div>\n          <\/div>\n        <\/div>\n      <\/div>\n      <div data-colibri-id=\"7627-c3\" class=\"h-row-container gutters-row-lg-2 gutters-row-md-2 gutters-row-0 gutters-row-v-lg-2 gutters-row-v-md-2 gutters-row-v-2 style-4173 style-local-7627-c3 position-relative\">\n        <!---->\n        <div class=\"h-row justify-content-lg-center justify-content-md-center justify-content-center align-items-lg-stretch align-items-md-stretch align-items-stretch gutters-col-lg-2 gutters-col-md-2 gutters-col-0 gutters-col-v-lg-2 gutters-col-v-md-2 gutters-col-v-2\">\n          <!---->\n          <div class=\"h-column h-column-container d-flex h-col-lg-auto h-col-md-auto h-col-auto style-4174-outer style-local-7627-c4-outer\">\n            <div data-colibri-id=\"7627-c4\" class=\"d-flex h-flex-basis h-column__inner h-px-lg-2 h-px-md-2 h-px-2 v-inner-lg-2 v-inner-md-2 v-inner-2 style-4174 style-local-7627-c4 position-relative\">\n              <!---->\n              <!---->\n              <div class=\"w-100 h-y-container h-column__content h-column__v-align flex-basis-100 align-self-lg-start align-self-md-start align-self-start\">\n                <!---->\n                <div data-colibri-id=\"7627-c5\" class=\"d-block style-4177 style-local-7627-c5 position-relative h-element\">\n                  <!---->\n                  <div class=\"h-image__frame-container-outer\">\n                    <div class=\"h-image__frame-container\">\n                      <!---->\n                      <!---->\n                      <img loading=\"lazy\" decoding=\"async\" width=\"2000\" height=\"1500\" src=\"http:\/\/quartiervosges.fr\/wp-content\/uploads\/2025\/09\/AQVN-baldung-grien-51764d0c-e94c-42af-9b7d-cb28eeb3b967.jpeg\" class=\"wp-image-7613 style-4177-image style-local-7627-c5-image\" alt=\"\" srcset=\"https:\/\/quartiervosges.fr\/wp-content\/uploads\/2025\/09\/AQVN-baldung-grien-51764d0c-e94c-42af-9b7d-cb28eeb3b967.jpeg 2000w, https:\/\/quartiervosges.fr\/wp-content\/uploads\/2025\/09\/AQVN-baldung-grien-51764d0c-e94c-42af-9b7d-cb28eeb3b967-300x225.jpeg 300w, https:\/\/quartiervosges.fr\/wp-content\/uploads\/2025\/09\/AQVN-baldung-grien-51764d0c-e94c-42af-9b7d-cb28eeb3b967-1024x768.jpeg 1024w, https:\/\/quartiervosges.fr\/wp-content\/uploads\/2025\/09\/AQVN-baldung-grien-51764d0c-e94c-42af-9b7d-cb28eeb3b967-768x576.jpeg 768w, https:\/\/quartiervosges.fr\/wp-content\/uploads\/2025\/09\/AQVN-baldung-grien-51764d0c-e94c-42af-9b7d-cb28eeb3b967-1536x1152.jpeg 1536w\" sizes=\"auto, (max-width: 2000px) 100vw, 2000px\" \/>\n                      <div class=\"h-image__frame h-hide-lg h-hide-md h-hide-sm style-4177-frameImage style-local-7627-c5-frameImage\"><\/div>\n                    <\/div>\n                  <\/div>\n                <\/div>\n              <\/div>\n            <\/div>\n          <\/div>\n          <div class=\"h-column h-column-container d-flex h-col-lg-auto h-col-md-auto h-col-auto style-4176-outer style-local-7627-c6-outer\">\n            <div data-colibri-id=\"7627-c6\" class=\"d-flex h-flex-basis h-column__inner h-px-lg-2 h-px-md-2 h-px-2 v-inner-lg-2 v-inner-md-2 v-inner-2 style-4176 style-local-7627-c6 position-relative\">\n              <!---->\n              <!---->\n              <div class=\"w-100 h-y-container h-column__content h-column__v-align flex-basis-100 align-self-lg-start align-self-md-start align-self-start\">\n                <!---->\n                <div data-colibri-id=\"7627-c7\" class=\"d-block style-4178 style-local-7627-c7 position-relative h-element\">\n                  <!---->\n                  <div class=\"h-image__frame-container-outer\">\n                    <div class=\"h-image__frame-container\">\n                      <!---->\n                      <!---->\n                      <img loading=\"lazy\" decoding=\"async\" width=\"2000\" height=\"1500\" src=\"http:\/\/quartiervosges.fr\/wp-content\/uploads\/2025\/09\/AQVN-baldung-grien5e785861-99df-4f48-a631-a72c88cefcec.jpeg\" class=\"wp-image-7612 style-4178-image style-local-7627-c7-image\" alt=\"\" srcset=\"https:\/\/quartiervosges.fr\/wp-content\/uploads\/2025\/09\/AQVN-baldung-grien5e785861-99df-4f48-a631-a72c88cefcec.jpeg 2000w, https:\/\/quartiervosges.fr\/wp-content\/uploads\/2025\/09\/AQVN-baldung-grien5e785861-99df-4f48-a631-a72c88cefcec-300x225.jpeg 300w, https:\/\/quartiervosges.fr\/wp-content\/uploads\/2025\/09\/AQVN-baldung-grien5e785861-99df-4f48-a631-a72c88cefcec-1024x768.jpeg 1024w, https:\/\/quartiervosges.fr\/wp-content\/uploads\/2025\/09\/AQVN-baldung-grien5e785861-99df-4f48-a631-a72c88cefcec-768x576.jpeg 768w, https:\/\/quartiervosges.fr\/wp-content\/uploads\/2025\/09\/AQVN-baldung-grien5e785861-99df-4f48-a631-a72c88cefcec-1536x1152.jpeg 1536w\" sizes=\"auto, (max-width: 2000px) 100vw, 2000px\" \/>\n                      <div class=\"h-image__frame h-hide-lg h-hide-md h-hide-sm style-4178-frameImage style-local-7627-c7-frameImage\"><\/div>\n                    <\/div>\n                  <\/div>\n                <\/div>\n              <\/div>\n            <\/div>\n          <\/div>\n          <div class=\"h-column h-column-container d-flex h-col-lg-auto h-col-md-auto h-col-auto style-4175-outer style-local-7627-c8-outer\">\n            <div data-colibri-id=\"7627-c8\" class=\"d-flex h-flex-basis h-column__inner h-px-lg-2 h-px-md-2 h-px-2 v-inner-lg-2 v-inner-md-2 v-inner-2 style-4175 style-local-7627-c8 position-relative\">\n              <!---->\n              <!---->\n              <div class=\"w-100 h-y-container h-column__content h-column__v-align flex-basis-100 align-self-lg-start align-self-md-start align-self-start\">\n                <!---->\n                <div data-colibri-id=\"7627-c9\" class=\"d-block style-4179 style-local-7627-c9 position-relative h-element\">\n                  <!---->\n                  <div class=\"h-image__frame-container-outer\">\n                    <div class=\"h-image__frame-container\">\n                      <!---->\n                      <!---->\n                      <img loading=\"lazy\" decoding=\"async\" width=\"1968\" height=\"1472\" src=\"http:\/\/quartiervosges.fr\/wp-content\/uploads\/2025\/09\/cropped-Capture-decran-2025-09-08-a-22.38.38.png\" class=\"wp-image-7643 style-4179-image style-local-7627-c9-image\" alt=\"\" srcset=\"https:\/\/quartiervosges.fr\/wp-content\/uploads\/2025\/09\/cropped-Capture-decran-2025-09-08-a-22.38.38.png 1968w, https:\/\/quartiervosges.fr\/wp-content\/uploads\/2025\/09\/cropped-Capture-decran-2025-09-08-a-22.38.38-300x224.png 300w, https:\/\/quartiervosges.fr\/wp-content\/uploads\/2025\/09\/cropped-Capture-decran-2025-09-08-a-22.38.38-1024x766.png 1024w, https:\/\/quartiervosges.fr\/wp-content\/uploads\/2025\/09\/cropped-Capture-decran-2025-09-08-a-22.38.38-768x574.png 768w, https:\/\/quartiervosges.fr\/wp-content\/uploads\/2025\/09\/cropped-Capture-decran-2025-09-08-a-22.38.38-1536x1149.png 1536w\" sizes=\"auto, (max-width: 1968px) 100vw, 1968px\" \/>\n                      <div class=\"h-image__frame h-hide-lg h-hide-md h-hide-sm style-4179-frameImage style-local-7627-c9-frameImage\"><\/div>\n                    <\/div>\n                  <\/div>\n                <\/div>\n              <\/div>\n            <\/div>\n          <\/div>\n        <\/div>\n      <\/div>\n    <\/div>\n  <\/div>\n  <div data-colibri-component=\"section\" data-colibri-id=\"7627-c14\" id=\"features-2\" class=\"h-section h-section-global-spacing d-flex align-items-lg-center align-items-md-center align-items-center style-4161 style-local-7627-c14 position-relative\">\n    <!---->\n    <!---->\n    <div class=\"h-section-grid-container h-section-boxed-container\">\n      <!---->\n      <div data-colibri-id=\"7627-c15\" class=\"h-row-container gutters-row-lg-2 gutters-row-md-2 gutters-row-2 gutters-row-v-lg-2 gutters-row-v-md-2 gutters-row-v-2 style-4162 style-local-7627-c15 position-relative\">\n        <!---->\n        <div class=\"h-row justify-content-lg-center justify-content-md-center justify-content-center align-items-lg-stretch align-items-md-stretch align-items-stretch gutters-col-lg-2 gutters-col-md-2 gutters-col-2 gutters-col-v-lg-2 gutters-col-v-md-2 gutters-col-v-2\">\n          <!---->\n          <div class=\"h-column h-column-container d-flex h-col-lg-4 h-col-md-6 h-col-12 style-4163-outer style-local-7627-c16-outer\">\n            <div data-colibri-id=\"7627-c16\" class=\"d-flex h-flex-basis h-column__inner h-px-lg-0 h-px-md-0 h-px-0 v-inner-lg-0 v-inner-md-0 v-inner-0 style-4163 style-local-7627-c16 position-relative\">\n              <!---->\n              <!---->\n              <div class=\"w-100 h-y-container h-column__content h-column__v-align flex-basis-100 align-self-lg-start align-self-md-start align-self-start\">\n                <!---->\n                <div data-colibri-id=\"7627-c17\" class=\"d-block style-4164 style-local-7627-c17 position-relative h-element\">\n                  <!---->\n                  <div class=\"h-image__frame-container-outer\">\n                    <div class=\"h-image__frame-container\">\n                      <!---->\n                      <!---->\n                      <img loading=\"lazy\" decoding=\"async\" width=\"2000\" height=\"1500\" src=\"http:\/\/quartiervosges.fr\/wp-content\/uploads\/2025\/09\/AQVN-Rue-baldung-grien-6dbb15cd-53c0-4d14-898d-4181c005d54a.jpeg\" class=\"wp-image-7611 style-4164-image style-local-7627-c17-image\" alt=\"\" srcset=\"https:\/\/quartiervosges.fr\/wp-content\/uploads\/2025\/09\/AQVN-Rue-baldung-grien-6dbb15cd-53c0-4d14-898d-4181c005d54a.jpeg 2000w, https:\/\/quartiervosges.fr\/wp-content\/uploads\/2025\/09\/AQVN-Rue-baldung-grien-6dbb15cd-53c0-4d14-898d-4181c005d54a-300x225.jpeg 300w, https:\/\/quartiervosges.fr\/wp-content\/uploads\/2025\/09\/AQVN-Rue-baldung-grien-6dbb15cd-53c0-4d14-898d-4181c005d54a-1024x768.jpeg 1024w, https:\/\/quartiervosges.fr\/wp-content\/uploads\/2025\/09\/AQVN-Rue-baldung-grien-6dbb15cd-53c0-4d14-898d-4181c005d54a-768x576.jpeg 768w, https:\/\/quartiervosges.fr\/wp-content\/uploads\/2025\/09\/AQVN-Rue-baldung-grien-6dbb15cd-53c0-4d14-898d-4181c005d54a-1536x1152.jpeg 1536w\" sizes=\"auto, (max-width: 2000px) 100vw, 2000px\" \/>\n                      <div class=\"h-image__frame h-hide-lg h-hide-md h-hide-sm style-4164-frameImage style-local-7627-c17-frameImage\"><\/div>\n                    <\/div>\n                  <\/div>\n                <\/div>\n                <div data-colibri-id=\"7627-c18\" class=\"h-global-transition-all h-heading style-4165 style-local-7627-c18 position-relative h-element\">\n                  <!---->\n                  <div class=\"h-heading__outer style-4165 style-local-7627-c18\">\n                    <!---->\n                    <!---->\n                    <h4 class=\"\">Programme musical jazzy<\/h4>\n                  <\/div>\n                <\/div>\n                <div data-colibri-id=\"7627-c19\" class=\"h-text h-text-component style-4166 style-local-7627-c19 position-relative h-element\">\n                  <!---->\n                  <!---->\n                  <div class=\"\">\n                    <p>Paul &amp; Francois ont interpr\u00e9t\u00e9 un programme \u00e0 l&rsquo;instar du quartier: Eclectique, refl\u00e9tant sa diversit\u00e9 et son ouverture d&rsquo;esprit.<\/p>\n                    <p> <\/p>\n                  <\/div>\n                <\/div>\n              <\/div>\n            <\/div>\n          <\/div>\n          <div class=\"h-column h-column-container d-flex h-col-lg-4 h-col-md-6 h-col-12 style-4163-outer style-local-7627-c20-outer\">\n            <div data-colibri-id=\"7627-c20\" class=\"d-flex h-flex-basis h-column__inner h-px-lg-0 h-px-md-0 h-px-0 v-inner-lg-0 v-inner-md-0 v-inner-0 style-4163 style-local-7627-c20 position-relative\">\n              <!---->\n              <!---->\n              <div class=\"w-100 h-y-container h-column__content h-column__v-align flex-basis-100 align-self-lg-start align-self-md-start align-self-start\">\n                <!---->\n                <div data-colibri-id=\"7627-c21\" class=\"d-block style-4164 style-local-7627-c21 position-relative h-element\">\n                  <!---->\n                  <div class=\"h-image__frame-container-outer\">\n                    <div class=\"h-image__frame-container\">\n                      <!---->\n                      <!---->\n                      <img loading=\"lazy\" decoding=\"async\" width=\"2000\" height=\"1500\" src=\"http:\/\/quartiervosges.fr\/wp-content\/uploads\/2025\/09\/AQVN-Baldung-grien-bd091b2f-c66d-414c-866c-79b8003e4c19.jpeg\" class=\"wp-image-7635 style-4164-image style-local-7627-c21-image\" alt=\"\" srcset=\"https:\/\/quartiervosges.fr\/wp-content\/uploads\/2025\/09\/AQVN-Baldung-grien-bd091b2f-c66d-414c-866c-79b8003e4c19.jpeg 2000w, https:\/\/quartiervosges.fr\/wp-content\/uploads\/2025\/09\/AQVN-Baldung-grien-bd091b2f-c66d-414c-866c-79b8003e4c19-300x225.jpeg 300w, https:\/\/quartiervosges.fr\/wp-content\/uploads\/2025\/09\/AQVN-Baldung-grien-bd091b2f-c66d-414c-866c-79b8003e4c19-1024x768.jpeg 1024w, https:\/\/quartiervosges.fr\/wp-content\/uploads\/2025\/09\/AQVN-Baldung-grien-bd091b2f-c66d-414c-866c-79b8003e4c19-768x576.jpeg 768w, https:\/\/quartiervosges.fr\/wp-content\/uploads\/2025\/09\/AQVN-Baldung-grien-bd091b2f-c66d-414c-866c-79b8003e4c19-1536x1152.jpeg 1536w\" sizes=\"auto, (max-width: 2000px) 100vw, 2000px\" \/>\n                      <div class=\"h-image__frame h-hide-lg h-hide-md h-hide-sm style-4164-frameImage style-local-7627-c21-frameImage\"><\/div>\n                    <\/div>\n                  <\/div>\n                <\/div>\n                <div data-colibri-id=\"7627-c22\" class=\"h-global-transition-all h-heading style-4165 style-local-7627-c22 position-relative h-element\">\n                  <!---->\n                  <div class=\"h-heading__outer style-4165 style-local-7627-c22\">\n                    <!---->\n                    <!---->\n                    <h4 class=\"\">75 pizzas pr\u00e9par\u00e9es et un service top<\/h4>\n                  <\/div>\n                <\/div>\n                <div data-colibri-id=\"7627-c23\" class=\"h-text h-text-component style-4166 style-local-7627-c23 position-relative h-element\">\n                  <!---->\n                  <!---->\n                  <div class=\"\">\n                    <p>Le restaurant &nbsp;bien connu des habitants \u00ab\u00a0Au pass\u00e9 retrouv\u00e9\u00a0\u00bb a assur\u00e9 une prestation pro appr\u00e9ci\u00e9e de toutes et de tous. merci!&nbsp;<\/p>\n                  <\/div>\n                <\/div>\n              <\/div>\n            <\/div>\n          <\/div>\n          <div class=\"h-column h-column-container d-flex h-col-lg-4 h-col-md-6 h-col-12 style-4163-outer style-local-7627-c24-outer\">\n            <div data-colibri-id=\"7627-c24\" class=\"d-flex h-flex-basis h-column__inner h-px-lg-0 h-px-md-0 h-px-0 v-inner-lg-0 v-inner-md-0 v-inner-0 style-4163 style-local-7627-c24 position-relative\">\n              <!---->\n              <!---->\n              <div class=\"w-100 h-y-container h-column__content h-column__v-align flex-basis-100 align-self-lg-start align-self-md-start align-self-start\">\n                <!---->\n                <div data-colibri-id=\"7627-c25\" class=\"d-block style-4164 style-local-7627-c25 position-relative h-element\">\n                  <!---->\n                  <div class=\"h-image__frame-container-outer\">\n                    <div class=\"h-image__frame-container\">\n                      <!---->\n                      <!---->\n                      <img loading=\"lazy\" decoding=\"async\" width=\"2560\" height=\"1920\" src=\"http:\/\/quartiervosges.fr\/wp-content\/uploads\/2025\/09\/aqvn-thierry-fete-IMG_3305-scaled.jpeg\" class=\"wp-image-7634 style-4164-image style-local-7627-c25-image\" alt=\"\" srcset=\"https:\/\/quartiervosges.fr\/wp-content\/uploads\/2025\/09\/aqvn-thierry-fete-IMG_3305-scaled.jpeg 2560w, https:\/\/quartiervosges.fr\/wp-content\/uploads\/2025\/09\/aqvn-thierry-fete-IMG_3305-300x225.jpeg 300w, https:\/\/quartiervosges.fr\/wp-content\/uploads\/2025\/09\/aqvn-thierry-fete-IMG_3305-1024x768.jpeg 1024w, https:\/\/quartiervosges.fr\/wp-content\/uploads\/2025\/09\/aqvn-thierry-fete-IMG_3305-768x576.jpeg 768w, https:\/\/quartiervosges.fr\/wp-content\/uploads\/2025\/09\/aqvn-thierry-fete-IMG_3305-1536x1152.jpeg 1536w, https:\/\/quartiervosges.fr\/wp-content\/uploads\/2025\/09\/aqvn-thierry-fete-IMG_3305-2048x1536.jpeg 2048w\" sizes=\"auto, (max-width: 2560px) 100vw, 2560px\" \/>\n                      <div class=\"h-image__frame h-hide-lg h-hide-md h-hide-sm style-4164-frameImage style-local-7627-c25-frameImage\"><\/div>\n                    <\/div>\n                  <\/div>\n                <\/div>\n                <div data-colibri-id=\"7627-c26\" class=\"h-global-transition-all h-heading style-4165 style-local-7627-c26 position-relative h-element\">\n                  <!---->\n                  <div class=\"h-heading__outer style-4165 style-local-7627-c26\">\n                    <!---->\n                    <!---->\n                    <h4 class=\"\">Le mot du pr\u00e9sident<\/h4>\n                  <\/div>\n                <\/div>\n                <div data-colibri-id=\"7627-c27\" class=\"h-text h-text-component style-4166 style-local-7627-c27 position-relative h-element\">\n                  <!---->\n                  <!---->\n                  <div class=\"\">\n                    <p>Cette f\u00eate a \u00e9t\u00e9 initi\u00e9e par notre pr\u00e9sident, Thierry.\n                      <br>Le succ\u00e8s d\u00e9montre que nous sommes nombreux \u00e0 appr\u00e9cier les moments festifs et conviviaux.<\/p>\n                  <\/div>\n                <\/div>\n              <\/div>\n            <\/div>\n          <\/div>\n        <\/div>\n      <\/div>\n    <\/div>\n  <\/div>\n<\/div>","protected":false},"excerpt":{"rendered":"<p>La F\u00eate du quartier le 12\/06\/2025 La rue Bandung grien fournit un d\u00e9cor apais\u00e9 et convivial pour le d\u00e9roulement d&rsquo;une f\u00eate de quartier. Plus de 130 participants, particuliers et professionnels du quartier, ont pu se rencontrer, \u00e9changer, partager un verre ou un repas et passer un moment festif ensemble. Les sourires, la musique, les adultes, [&hellip;]<\/p>\n","protected":false},"author":1,"featured_media":0,"parent":0,"menu_order":0,"comment_status":"closed","ping_status":"closed","template":"page-templates\/full-width-page.php","meta":{"footnotes":""},"class_list":["post-7627","page","type-page","status-publish","hentry"],"_links":{"self":[{"href":"https:\/\/quartiervosges.fr\/index.php?rest_route=\/wp\/v2\/pages\/7627","targetHints":{"allow":["GET"]}}],"collection":[{"href":"https:\/\/quartiervosges.fr\/index.php?rest_route=\/wp\/v2\/pages"}],"about":[{"href":"https:\/\/quartiervosges.fr\/index.php?rest_route=\/wp\/v2\/types\/page"}],"author":[{"embeddable":true,"href":"https:\/\/quartiervosges.fr\/index.php?rest_route=\/wp\/v2\/users\/1"}],"replies":[{"embeddable":true,"href":"https:\/\/quartiervosges.fr\/index.php?rest_route=%2Fwp%2Fv2%2Fcomments&post=7627"}],"version-history":[{"count":5,"href":"https:\/\/quartiervosges.fr\/index.php?rest_route=\/wp\/v2\/pages\/7627\/revisions"}],"predecessor-version":[{"id":7660,"href":"https:\/\/quartiervosges.fr\/index.php?rest_route=\/wp\/v2\/pages\/7627\/revisions\/7660"}],"wp:attachment":[{"href":"https:\/\/quartiervosges.fr\/index.php?rest_route=%2Fwp%2Fv2%2Fmedia&parent=7627"}],"curies":[{"name":"wp","href":"https:\/\/api.w.org\/{rel}","templated":true}]}}